{"id":2984,"date":"2021-06-22T06:37:29","date_gmt":"2021-06-22T06:37:29","guid":{"rendered":"http:\/\/davidpiovesan.com\/photo\/col-3\/"},"modified":"2025-02-18T19:20:20","modified_gmt":"2025-02-18T19:20:20","slug":"col-3","status":"publish","type":"page","link":"http:\/\/davidpiovesan.com\/photo\/col-3\/","title":{"rendered":"Porfolio"},"content":{"rendered":"\t\t<div data-elementor-type=\"wp-page\" data-elementor-id=\"2984\" class=\"elementor elementor-2984\">\n\t\t\t\t<div class=\"elementor-element elementor-element-f05dc4a e-flex e-con-boxed e-con e-parent\" data-id=\"f05dc4a\" data-element_type=\"container\" data-e-type=\"container\">\n\t\t\t\t\t<div class=\"e-con-inner\">\n\t\t\t\t<div class=\"elementor-element elementor-element-2f2d3f4 elementor-widget-divider--view-line elementor-widget elementor-widget-divider\" data-id=\"2f2d3f4\" data-element_type=\"widget\" data-e-type=\"widget\" data-widget_type=\"divider.default\">\n\t\t\t\t<div class=\"elementor-widget-container\">\n\t\t\t\t\t\t\t<div class=\"elementor-divider\">\n\t\t\t<span class=\"elementor-divider-separator\">\n\t\t\t\t\t\t<\/span>\n\t\t<\/div>\n\t\t\t\t\t\t<\/div>\n\t\t\t\t<\/div>\n\t\t\t\t\t<\/div>\n\t\t\t\t<\/div>\n\t\t<div class=\"elementor-element elementor-element-a9baf5f e-flex e-con-boxed e-con e-parent\" data-id=\"a9baf5f\" data-element_type=\"container\" data-e-type=\"container\">\n\t\t\t\t\t<div class=\"e-con-inner\">\n\t\t\t\t\t<\/div>\n\t\t\t\t<\/div>\n\t\t<div class=\"elementor-element elementor-element-b72123d e-flex e-con-boxed e-con e-parent\" data-id=\"b72123d\" data-element_type=\"container\" data-e-type=\"container\">\n\t\t\t\t\t<div class=\"e-con-inner\">\n\t\t\t\t<div class=\"elementor-element elementor-element-632882d elementor-widget elementor-widget-text-editor\" data-id=\"632882d\" data-element_type=\"widget\" data-e-type=\"widget\" data-widget_type=\"text-editor.default\">\n\t\t\t\t<div class=\"elementor-widget-container\">\n\t\t\t\t\t\t\t\t\t<p><span style=\"font-weight: 400; color: #999999;\">\u00c0 la recherche de la beaut\u00e9. La photographie est un art qui se combine \u00e0 toute activit\u00e9 qui nous inspire. Pour moi, il s\u2019agit d\u2019une qu\u00eate qui me m\u00e8ne aux quatre coins du monde. Du bord du Saint laurent au montagnes jaunes, on peut me retrouver en contemplation devant l\u2019immensit\u00e9 du monde.<\/span><\/p>\t\t\t\t\t\t\t\t<\/div>\n\t\t\t\t<\/div>\n\t\t\t\t\t<\/div>\n\t\t\t\t<\/div>\n\t\t<div class=\"elementor-element elementor-element-0f6d0b7 e-flex e-con-boxed e-con e-parent\" data-id=\"0f6d0b7\" data-element_type=\"container\" data-e-type=\"container\">\n\t\t\t\t\t<div class=\"e-con-inner\">\n\t\t\t\t<div class=\"elementor-element elementor-element-684a5eb elementor-widget elementor-widget-spacer\" data-id=\"684a5eb\" data-element_type=\"widget\" data-e-type=\"widget\" data-widget_type=\"spacer.default\">\n\t\t\t\t<div class=\"elementor-widget-container\">\n\t\t\t\t\t\t\t<div class=\"elementor-spacer\">\n\t\t\t<div class=\"elementor-spacer-inner\"><\/div>\n\t\t<\/div>\n\t\t\t\t\t\t<\/div>\n\t\t\t\t<\/div>\n\t\t\t\t\t<\/div>\n\t\t\t\t<\/div>\n\t\t<div class=\"elementor-element elementor-element-9994540 e-flex e-con-boxed e-con e-parent\" data-id=\"9994540\" data-element_type=\"container\" data-e-type=\"container\">\n\t\t\t\t\t<div class=\"e-con-inner\">\n\t\t\t\t<div class=\"elementor-element elementor-element-011f6c0 elementor-widget elementor-widget-yprm_gallery\" data-id=\"011f6c0\" data-element_type=\"widget\" data-e-type=\"widget\" data-settings=\"{&quot;gallery_layout&quot;:&quot;masonry&quot;,&quot;content_hover_animation&quot;:&quot;type_1&quot;}\" data-widget_type=\"yprm_gallery.default\">\n\t\t\t\t<div class=\"elementor-widget-container\">\n\t\t\t\t\t        <div data-portfolio-settings=\"{&quot;gallery_layout&quot;:&quot;masonry&quot;}\" id=\"project-slider-69efdc0ea3e7c\" class=\"project-grid-page elementor-block gallery-block\">\n                            <div class=\"portfolio_hover_type_1 post-gallery-grid row popup-gallery gallery-type-masonry\">\n                    <div class=\"grid-sizer col-1\"><\/div>\n                <div class=\"portfolio-item popup-item col\">\n                    <div class=\"wrap\">\n                                                    <div class=\"a-img\" data-original=\"http:\/\/davidpiovesan.com\/photo\/wp-content\/uploads\/2025\/02\/1034.jpg\">\n                                <img fetchpriority=\"high\" decoding=\"async\" width=\"683\" height=\"1024\" src=\"http:\/\/davidpiovesan.com\/photo\/wp-content\/uploads\/2025\/02\/1034.jpg\" class=\"attachment-large size-large\" alt=\"\" \/><\/div>\n                        \n                        \n                        <a href=\"#\" data-popup-json=\"{&quot;image&quot;:{&quot;url&quot;:&quot;http:\\\/\\\/davidpiovesan.com\\\/photo\\\/wp-content\\\/uploads\\\/2025\\\/02\\\/1034.jpg&quot;,&quot;w&quot;:4000,&quot;h&quot;:6000},&quot;post_id&quot;:3481}\"\n                            data-id=\"0\"><\/a>\n                    <\/div>\n                <\/div>\n                \n                <div class=\"portfolio-item popup-item col\">\n                    <div class=\"wrap\">\n                                                    <div class=\"a-img\" data-original=\"http:\/\/davidpiovesan.com\/photo\/wp-content\/uploads\/2025\/02\/448314937_1225766015213993_4972663207684930498_n-1.jpg\">\n                                <img decoding=\"async\" width=\"683\" height=\"1024\" src=\"http:\/\/davidpiovesan.com\/photo\/wp-content\/uploads\/2025\/02\/448314937_1225766015213993_4972663207684930498_n-1-683x1024.jpg\" class=\"attachment-large size-large\" alt=\"\" \/><\/div>\n                        \n                        \n                        <a href=\"#\" data-popup-json=\"{&quot;image&quot;:{&quot;url&quot;:&quot;http:\\\/\\\/davidpiovesan.com\\\/photo\\\/wp-content\\\/uploads\\\/2025\\\/02\\\/448314937_1225766015213993_4972663207684930498_n-1.jpg&quot;,&quot;w&quot;:1365,&quot;h&quot;:2048},&quot;post_id&quot;:3480}\"\n                            data-id=\"1\"><\/a>\n                    <\/div>\n                <\/div>\n                \n                <div class=\"portfolio-item popup-item col\">\n                    <div class=\"wrap\">\n                                                    <div class=\"a-img\" data-original=\"http:\/\/davidpiovesan.com\/photo\/wp-content\/uploads\/2025\/02\/6e846cc682baaca8e4c09ff8cf5d098c.jpg\">\n                                <img decoding=\"async\" width=\"683\" height=\"1024\" src=\"http:\/\/davidpiovesan.com\/photo\/wp-content\/uploads\/2025\/02\/6e846cc682baaca8e4c09ff8cf5d098c-683x1024.jpg\" class=\"attachment-large size-large\" alt=\"\" \/><\/div>\n                        \n                        \n                        <a href=\"#\" data-popup-json=\"{&quot;image&quot;:{&quot;url&quot;:&quot;http:\\\/\\\/davidpiovesan.com\\\/photo\\\/wp-content\\\/uploads\\\/2025\\\/02\\\/6e846cc682baaca8e4c09ff8cf5d098c.jpg&quot;,&quot;w&quot;:736,&quot;h&quot;:1104},&quot;post_id&quot;:3479}\"\n                            data-id=\"2\"><\/a>\n                    <\/div>\n                <\/div>\n                \n                <div class=\"portfolio-item popup-item col\">\n                    <div class=\"wrap\">\n                                                    <div class=\"a-img\" data-original=\"http:\/\/davidpiovesan.com\/photo\/wp-content\/uploads\/2025\/02\/dafoe-nosferatu.png\">\n                                <img loading=\"lazy\" decoding=\"async\" width=\"1024\" height=\"687\" src=\"http:\/\/davidpiovesan.com\/photo\/wp-content\/uploads\/2025\/02\/dafoe-nosferatu-1024x687.png\" class=\"attachment-large size-large\" alt=\"\" \/><\/div>\n                        \n                        \n                        <a href=\"#\" data-popup-json=\"{&quot;image&quot;:{&quot;url&quot;:&quot;http:\\\/\\\/davidpiovesan.com\\\/photo\\\/wp-content\\\/uploads\\\/2025\\\/02\\\/dafoe-nosferatu.png&quot;,&quot;w&quot;:1127,&quot;h&quot;:756},&quot;post_id&quot;:3478}\"\n                            data-id=\"3\"><\/a>\n                    <\/div>\n                <\/div>\n                \n                <div class=\"portfolio-item popup-item col\">\n                    <div class=\"wrap\">\n                                                    <div class=\"a-img\" data-original=\"http:\/\/davidpiovesan.com\/photo\/wp-content\/uploads\/2025\/02\/nosferatu-hitting-theaters-christmas-2024-with-lily-rose-depp.avif\">\n                                <img loading=\"lazy\" decoding=\"async\" width=\"1024\" height=\"512\" src=\"http:\/\/davidpiovesan.com\/photo\/wp-content\/uploads\/2025\/02\/nosferatu-hitting-theaters-christmas-2024-with-lily-rose-depp-1024x512.avif\" class=\"attachment-large size-large\" alt=\"\" \/><\/div>\n                        \n                        \n                        <a href=\"#\" data-popup-json=\"{&quot;image&quot;:{&quot;url&quot;:&quot;http:\\\/\\\/davidpiovesan.com\\\/photo\\\/wp-content\\\/uploads\\\/2025\\\/02\\\/nosferatu-hitting-theaters-christmas-2024-with-lily-rose-depp.avif&quot;,&quot;w&quot;:2000,&quot;h&quot;:1000},&quot;post_id&quot;:3477}\"\n                            data-id=\"4\"><\/a>\n                    <\/div>\n                <\/div>\n                \n                <div class=\"portfolio-item popup-item col\">\n                    <div class=\"wrap\">\n                                                    <div class=\"a-img\" data-original=\"http:\/\/davidpiovesan.com\/photo\/wp-content\/uploads\/2025\/02\/PI0_8415.jpg\">\n                                <img loading=\"lazy\" decoding=\"async\" width=\"1024\" height=\"1024\" src=\"http:\/\/davidpiovesan.com\/photo\/wp-content\/uploads\/2025\/02\/PI0_8415-1024x1024.jpg\" class=\"attachment-large size-large\" alt=\"\" \/><\/div>\n                        \n                        \n                        <a href=\"#\" data-popup-json=\"{&quot;image&quot;:{&quot;url&quot;:&quot;http:\\\/\\\/davidpiovesan.com\\\/photo\\\/wp-content\\\/uploads\\\/2025\\\/02\\\/PI0_8415.jpg&quot;,&quot;w&quot;:1248,&quot;h&quot;:1248},&quot;post_id&quot;:3392}\"\n                            data-id=\"5\"><\/a>\n                    <\/div>\n                <\/div>\n                \n                <div class=\"portfolio-item popup-item col\">\n                    <div class=\"wrap\">\n                                                    <div class=\"a-img\" data-original=\"\">\n                                <\/div>\n                        \n                        \n                        <a href=\"#\" data-popup-json=\"{&quot;image&quot;:{&quot;url&quot;:null,&quot;w&quot;:null,&quot;h&quot;:null},&quot;post_id&quot;:null}\"\n                            data-id=\"6\"><\/a>\n                    <\/div>\n                <\/div>\n                \n                                <\/div>\n                    <\/div>\n        \t\t\t\t<\/div>\n\t\t\t\t<\/div>\n\t\t\t\t\t<\/div>\n\t\t\t\t<\/div>\n\t\t\t\t<\/div>\n\t\t","protected":false},"excerpt":{"rendered":"<p>\u00c0 la recherche de la beaut\u00e9. La photographie est un art qui se combine \u00e0 toute activit\u00e9 qui nous inspire. Pour moi, il s\u2019agit d\u2019une qu\u00eate qui me m\u00e8ne aux quatre coins du monde. Du bord du Saint laurent au montagnes jaunes, on peut me retrouver en contemplation devant l\u2019immensit\u00e9 du monde.<\/p>\n","protected":false},"author":1,"featured_media":0,"parent":0,"menu_order":0,"comment_status":"closed","ping_status":"closed","template":"template-landing.php","meta":{"_acf_changed":false,"footnotes":""},"class_list":["post-2984","page","type-page","status-publish","hentry"],"acf":[],"_links":{"self":[{"href":"http:\/\/davidpiovesan.com\/photo\/wp-json\/wp\/v2\/pages\/2984","targetHints":{"allow":["GET"]}}],"collection":[{"href":"http:\/\/davidpiovesan.com\/photo\/wp-json\/wp\/v2\/pages"}],"about":[{"href":"http:\/\/davidpiovesan.com\/photo\/wp-json\/wp\/v2\/types\/page"}],"author":[{"embeddable":true,"href":"http:\/\/davidpiovesan.com\/photo\/wp-json\/wp\/v2\/users\/1"}],"replies":[{"embeddable":true,"href":"http:\/\/davidpiovesan.com\/photo\/wp-json\/wp\/v2\/comments?post=2984"}],"version-history":[{"count":5,"href":"http:\/\/davidpiovesan.com\/photo\/wp-json\/wp\/v2\/pages\/2984\/revisions"}],"predecessor-version":[{"id":3490,"href":"http:\/\/davidpiovesan.com\/photo\/wp-json\/wp\/v2\/pages\/2984\/revisions\/3490"}],"wp:attachment":[{"href":"http:\/\/davidpiovesan.com\/photo\/wp-json\/wp\/v2\/media?parent=2984"}],"curies":[{"name":"wp","href":"https:\/\/api.w.org\/{rel}","templated":true}]}}