{"id":2360,"date":"2021-06-11T06:40:33","date_gmt":"2021-06-11T06:40:33","guid":{"rendered":"http:\/\/davidpiovesan.com\/photo\/services\/"},"modified":"2025-02-16T22:00:40","modified_gmt":"2025-02-16T22:00:40","slug":"services","status":"publish","type":"page","link":"http:\/\/davidpiovesan.com\/photo\/","title":{"rendered":"Index"},"content":{"rendered":"\t\t<div data-elementor-type=\"wp-page\" data-elementor-id=\"2360\" class=\"elementor elementor-2360\">\n\t\t\t\t\t\t<section class=\"elementor-section elementor-top-section elementor-element elementor-element-61664e6 elementor-section-full_width elementor-section-height-default elementor-section-height-default\" data-id=\"61664e6\" data-element_type=\"section\" data-e-type=\"section\">\n\t\t\t\t\t\t<div class=\"elementor-container elementor-column-gap-no\">\n\t\t\t\t\t<div class=\"elementor-column elementor-col-100 elementor-top-column elementor-element elementor-element-0309cf6\" data-id=\"0309cf6\" data-element_type=\"column\" data-e-type=\"column\">\n\t\t\t<div class=\"elementor-widget-wrap elementor-element-populated\">\n\t\t\t\t\t\t<div class=\"elementor-element elementor-element-c5fbd94 elementor-widget elementor-widget-yprm_banner\" data-id=\"c5fbd94\" data-element_type=\"widget\" data-e-type=\"widget\" data-widget_type=\"yprm_banner.default\">\n\t\t\t\t<div class=\"elementor-widget-container\">\n\t\t\t\t\t\t\t\t<div class=\"banner-wrapper banner-area banner-69efc307b168f\" style=\"--transition-speed: 2300ms;\" data-settings=\"{&quot;loop&quot;:true,&quot;speed&quot;:300,&quot;autoplay&quot;:{&quot;delay&quot;:5000,&quot;disableOnInteraction&quot;:false,&quot;pauseOnMouseEnter&quot;:true},&quot;arrows&quot;:true,&quot;dots&quot;:true,&quot;dots_position&quot;:&quot;left&quot;,&quot;animation&quot;:&quot;&quot;}\">\r\n\t\t\t\t\t\t<div class=\"banner-social-buttons\">\r\n\t\t\t<div class=\"links\">\r\n\t\t\t\t      <a class=\"item\" target=\"_blank\">\r\n        <i class=\"fab fa-facebook\"><\/i>        <span>facebook<\/span>\r\n      <\/a>\r\n          <a class=\"item\" target=\"_blank\">\r\n        <i class=\"fab fa-instagram\"><\/i>        <span>instagram<\/span>\r\n      <\/a>\r\n          <a class=\"item\" target=\"_blank\">\r\n        <i class=\"fab fa-instagram\"><\/i>        <span>instagram<\/span>\r\n      <\/a>\r\n    \t\t\t<\/div>\r\n\t\t<\/div>\r\n\t\t\t\t\t\t\t\t\t\t\t\t\t\t\r\n\t\t\t\t<div class=\"banner banner-items banner-69efc307b1697 fixed-height arrows-right-bottom pagination-left\" id=\"banner-69efc307b1698\">\r\n          <div class=\"swiper\">\r\n            <div class=\"swiper-wrapper\">\r\n                    <div class=\"item swiper-slide item-banner banner-item-69efc307b1793 elementor-repeater-item-aaa303a tar inherit\">\r\n        <div class=\"bg-image\" style=\"background-image: url(http:\/\/davidpiovesan.com\/photo\/wp-content\/uploads\/2017\/08\/slide7.jpg)\"><\/div>\r\n                  \n    <div class=\"bg-overlay\">\n          <\/div>\n\n                            <div class=\"container\">\r\n          <div class=\"cell middle\">\r\n\t\t\t\t\t\t\t\t\t\t\t\t\t<div class=\"heading heading-decor\">\r\n\t\t\t\t\t\t\t\t\t\t\t\t\t\t\t\t<h3 class=\"h\">\r\n\t\t\t\t\t\t\t\t\tOur Services\t\t\t\t\t\t\t\t<\/h3>\r\n\t\t\t\t\t\t\t<\/div>\r\n\t\t\t\t\t\t\t\t\t\t\t\t\t\t\t\t\t\t\t<div class=\"text\">The world without photography will be meaningless to us.<\/div>\r\n\t\t\t\t\t    \t\t\t\t\t    \t\t\t\t\t\t    <a href=\"#\" class=\"button-style1\">\r\n\t\t\t\t\t\t    \t\t\t\t\t\t\t\t    <span>See works<\/span>\r\n\t\t\t\t\t\t\t<\/a>\r\n\t\t\t\t\t\t\t\t\t\t\t\t\t\t\t\t\t<\/div>\r\n\t\t\t\t<\/div>\r\n\t\t\t<\/div>\r\n\t\t            <\/div>\r\n          <\/div>\r\n          \r\n          <div class=\"owl-nav\"><div class=\"owl-prev basic-ui-icon-left-arrow\"><\/div><div class=\"owl-next basic-ui-icon-right-arrow\"><\/div><\/div>\r\n          <div class=\"owl-dots\"><\/div>          \r\n\t\t\t\t<\/div>\r\n\r\n\t\t\t<\/div>\r\n\t\t\t\t\t\t<\/div>\n\t\t\t\t<\/div>\n\t\t\t\t<div class=\"elementor-element elementor-element-34c4f09d elementor-widget elementor-widget-yprm_testimonials\" data-id=\"34c4f09d\" data-element_type=\"widget\" data-e-type=\"widget\" data-widget_type=\"yprm_testimonials.default\">\n\t\t\t\t<div class=\"elementor-widget-container\">\n\t\t\t\t\t\n\t\t<div class=\"testimonials row owl-carousel owl-loaded\" data-portfolio-settings=\"{&quot;loop&quot;:true,&quot;autoplay&quot;:true,&quot;arrows&quot;:true,&quot;mousewheel&quot;:true,&quot;pauseohover&quot;:true,&quot;autoplay_speed&quot;:5000,&quot;speed&quot;:300}\">\n\t\t\t\t\t<div class=\"item testimonial-item with-avatar\">\n\t\t\t<div class=\"row\">\n\t\t\t\t\t\t\t\t\t<div class=\"col-12 col-sm-6 image\"><div style=\"background-image: url(http:\/\/davidpiovesan.com\/photo\/wp-content\/uploads\/2025\/02\/PI0_8415-1024x1024.jpg);\"><\/div><\/div>\n\t\t\t\t\t\t<div class=\"col-12 col-sm-6 offset-sm-6\">\n\t\t\t\t\n\t\t\t\t\t\t\t\t\t\t\t<div class=\"quote\"><div class=\"q\">\u201c<\/div>\n\t\t\t\t\t\t\tMon nom est David Piovesan. J'\u0153uvre en photographie depuis 2011. J\u2019aspire \u00e0 une pratique de la photographie \u00e9thique. Que ce soit dans mon approche des mod\u00e8les, dans mes prix et dans toute action.<br \/>\n<br \/>\nMa perception de cet art est que toute image doit raconter une histoire et c\u2019est ce que vous retrouverez dans mon \u0153uvre.<br \/>\n<br \/>\nDans la derni\u00e8re d\u00e9cennie, j\u2019ai eu l\u2019occasion de travailler avec de nombreux mod\u00e8les inspirants, dans des grandeur nature color\u00e9 et exaltant, de faire un tour du monde et de vivre en Chine. Je me concentre pr\u00e9sentement \u00e0 travailler aupr\u00e8s d\u2019\u00e9v\u00e9nements r\u00f4liste et de s\u00e9ances th\u00e9matiques chez Atelier Aurore\t\t\t\t\t\t<\/div>\n\t\t\t\t\t\n\t\t\t\t\t\t\t\t\t\t\t<h4>\n\t\t\t\t\t\t\tPiovesan\t\t\t\t\t\t<\/h4>\n\t\t\t\t\t\n\t\t\t\t\t\t\t\t\t\t\t<div class=\"post\">\n\t\t\t\t\t\t\tPhotographe, dr\u00f4niste, r\u00f4liste et enseignant\t\t\t\t\t\t<\/div>\n\t\t\t\t\t\t\t\t\t<\/div>\n\t\t\t<\/div>\n\t\t<\/div>\n\t\t\t\t<div class=\"item testimonial-item with-avatar\">\n\t\t\t<div class=\"row\">\n\t\t\t\t\t\t\t\t\t<div class=\"col-12 col-sm-6 image\"><div style=\"background-image: url(http:\/\/davidpiovesan.com\/photo\/wp-content\/uploads\/2025\/02\/PI0_8415-1024x1024.jpg);\"><\/div><\/div>\n\t\t\t\t\t\t<div class=\"col-12 col-sm-6 offset-sm-6\">\n\t\t\t\t\n\t\t\t\t\t\t\t\t\t\t\t<div class=\"quote\"><div class=\"q\">\u201c<\/div>\n\t\t\t\t\t\t\tMon nom est David Piovesan. J'\u0153uvre en photographie depuis 2011. J\u2019aspire \u00e0 une pratique de la photographie \u00e9thique. Que ce soit dans mon approche des mod\u00e8les, dans mes prix et dans toute action.<br \/>\n<br \/>\nMa perception de cet art est que toute image doit raconter une histoire et c\u2019est ce que vous retrouverez dans mon \u0153uvre.<br \/>\n<br \/>\nDans la derni\u00e8re d\u00e9cennie, j\u2019ai eu l\u2019occasion de travailler avec de nombreux mod\u00e8les inspirants, dans des grandeur nature color\u00e9 et exaltant, de faire un tour du monde et de vivre en Chine. Je me concentre pr\u00e9sentement \u00e0 travailler aupr\u00e8s d\u2019\u00e9v\u00e9nements r\u00f4liste et de s\u00e9ances th\u00e9matiques chez Atelier Aurore\t\t\t\t\t\t<\/div>\n\t\t\t\t\t\n\t\t\t\t\t\t\t\t\t\t\t<h4>\n\t\t\t\t\t\t\tPiovesan\t\t\t\t\t\t<\/h4>\n\t\t\t\t\t\n\t\t\t\t\t\t\t\t\t\t\t<div class=\"post\">\n\t\t\t\t\t\t\tPhotographe, dr\u00f4niste, r\u00f4liste et enseignant\t\t\t\t\t\t<\/div>\n\t\t\t\t\t\t\t\t\t<\/div>\n\t\t\t<\/div>\n\t\t<\/div>\n\t\t\t\t<div class=\"item testimonial-item with-avatar\">\n\t\t\t<div class=\"row\">\n\t\t\t\t\t\t\t\t\t<div class=\"col-12 col-sm-6 image\"><div style=\"background-image: url(http:\/\/davidpiovesan.com\/photo\/wp-content\/uploads\/2025\/02\/PI0_8415-1024x1024.jpg);\"><\/div><\/div>\n\t\t\t\t\t\t<div class=\"col-12 col-sm-6 offset-sm-6\">\n\t\t\t\t\n\t\t\t\t\t\t\t\t\t\t\t<div class=\"quote\"><div class=\"q\">\u201c<\/div>\n\t\t\t\t\t\t\tMon nom est David Piovesan. J'\u0153uvre en photographie depuis 2011. J\u2019aspire \u00e0 une pratique de la photographie \u00e9thique. Que ce soit dans mon approche des mod\u00e8les, dans mes prix et dans toute action.<br \/>\n<br \/>\nMa perception de cet art est que toute image doit raconter une histoire et c\u2019est ce que vous retrouverez dans mon \u0153uvre.<br \/>\n<br \/>\nDans la derni\u00e8re d\u00e9cennie, j\u2019ai eu l\u2019occasion de travailler avec de nombreux mod\u00e8les inspirants, dans des grandeur nature color\u00e9 et exaltant, de faire un tour du monde et de vivre en Chine. Je me concentre pr\u00e9sentement \u00e0 travailler aupr\u00e8s d\u2019\u00e9v\u00e9nements r\u00f4liste et de s\u00e9ances th\u00e9matiques chez Atelier Aurore\t\t\t\t\t\t<\/div>\n\t\t\t\t\t\n\t\t\t\t\t\t\t\t\t\t\t<h4>\n\t\t\t\t\t\t\tPiovesan\t\t\t\t\t\t<\/h4>\n\t\t\t\t\t\n\t\t\t\t\t\t\t\t\t\t\t<div class=\"post\">\n\t\t\t\t\t\t\tPhotographe, dr\u00f4niste, r\u00f4liste et enseignant\t\t\t\t\t\t<\/div>\n\t\t\t\t\t\t\t\t\t<\/div>\n\t\t\t<\/div>\n\t\t<\/div>\n\t\t\t\t<\/div>\n\n\t\t\t\t\t\t<\/div>\n\t\t\t\t<\/div>\n\t\t\t\t\t<\/div>\n\t\t<\/div>\n\t\t\t\t\t<\/div>\n\t\t<\/section>\n\t\t\t\t<section class=\"elementor-section elementor-top-section elementor-element elementor-element-374be686 elementor-section-boxed elementor-section-height-default elementor-section-height-default\" data-id=\"374be686\" data-element_type=\"section\" data-e-type=\"section\">\n\t\t\t\t\t\t<div class=\"elementor-container elementor-column-gap-default\">\n\t\t\t\t\t<div class=\"elementor-column elementor-col-100 elementor-top-column elementor-element elementor-element-7e94702d\" data-id=\"7e94702d\" data-element_type=\"column\" data-e-type=\"column\">\n\t\t\t<div class=\"elementor-widget-wrap elementor-element-populated\">\n\t\t\t\t\t\t<div class=\"elementor-element elementor-element-401c4bfd elementor-widget elementor-widget-yprm_heading\" data-id=\"401c4bfd\" data-element_type=\"widget\" data-e-type=\"widget\" data-widget_type=\"yprm_heading.default\">\n\t\t\t\t<div class=\"elementor-widget-container\">\n\t\t\t\t\t\t\t\t<div class=\"heading-block with-line tac\">\n\t\t\t\t                  <h3 class=\"h\">Services de photographes<\/h3>\n        \t\t\t<\/div>\n      \t\t\t\t\t\t<\/div>\n\t\t\t\t<\/div>\n\t\t\t\t\t<\/div>\n\t\t<\/div>\n\t\t\t\t\t<\/div>\n\t\t<\/section>\n\t\t\t\t<section class=\"elementor-section elementor-top-section elementor-element elementor-element-376468a1 elementor-section-full_width elementor-section-height-default elementor-section-height-default\" data-id=\"376468a1\" data-element_type=\"section\" data-e-type=\"section\">\n\t\t\t\t\t\t<div class=\"elementor-container elementor-column-gap-no\">\n\t\t\t\t\t<div class=\"elementor-column elementor-col-100 elementor-top-column elementor-element elementor-element-72558d1b\" data-id=\"72558d1b\" data-element_type=\"column\" data-e-type=\"column\">\n\t\t\t<div class=\"elementor-widget-wrap elementor-element-populated\">\n\t\t\t\t\t\t<div class=\"elementor-element elementor-element-084dc68 elementor-widget elementor-widget-pt_price_list_type2\" data-id=\"084dc68\" data-element_type=\"widget\" data-e-type=\"widget\" data-settings=\"{&quot;cols_xs&quot;:1,&quot;cols_sm&quot;:2,&quot;cols_md&quot;:3}\" data-widget_type=\"pt_price_list_type2.default\">\n\t\t\t\t<div class=\"elementor-widget-container\">\n\t\t\t\t\t\t    \t<div class=\"price-list-type2 row price-list-type2-69efc307b3ff4\" data-banner-settings=\"{&quot;loop&quot;:true,&quot;autoplay&quot;:true,&quot;arrows&quot;:true,&quot;autoplay_speed&quot;:5000,&quot;pauseohover&quot;:true,&quot;speed&quot;:300,&quot;carousel&quot;:true,&quot;cols_xs&quot;:1,&quot;cols_sm&quot;:2,&quot;cols_md&quot;:3}\">\n\t    \t\t\t\t\t\t\t\t<div class=\"item price-list-type2-item\">\n\t\t\t\t\t\t\t\t\t\t\t\t\t\t\t<h6 class=\"h\">\n\t\t\t\t\t\t\t\t\tportrait personnalis\u00e9\t\t\t\t\t\t\t\t<\/h6>\n\t\t\t\t\t\t\t\t\t\t\t\t\t\t\t\t\t\t\t\t<div class=\"price\">45 minutes<\/div>\n\t\t\t\t\t\t\t\t\t\t\t\t<div class=\"img\" style=\"background-image: url(https:\/\/promo-theme.com\/novo\/wp-content\/uploads-placeholder\/2017\/08\/price-list10.jpg)\"><\/div>\n\t\t\t\t\t\t<div class=\"options\">\n\t\t\t\t\t\t\t\t\t\t\t\t\t\t\t<div class=\"heading-decor\"><h5>la s\u00e9ance comprends<\/h5><\/div>\n\t\t\t\t\t\t\t\t\t\t\t\t\t\t\t\t\t\t\t\t\t\t\t\t<div class=\"o-row\">Le d\u00e9veloppement d\u2019une planche combinant les couleurs, les poses et le style g\u00e9n\u00e9ral.<\/div>\n\t\t\t\t\t\t\t\t\t\t\t\t\t\t\t\t\t\t\t<div class=\"o-row\"> Une approche respectueuse des besoins du client.<\/div>\n\t\t\t\t\t\t\t\t\t\t\t\t\t\t\t\t\t\t\t<div class=\"o-row\"> Photographie en lumi\u00e8re naturelle et strobes.<\/div>\n\t\t\t\t\t\t\t\t\t\t\t\t\t\t\t\t\t\t\t<div class=\"o-row\"> Retouches et corrections.<\/div>\n\t\t\t\t\t\t\t\t\t\t\t\t\t\t\t\t\t\t\t<div class=\"o-row\"> Possibilit\u00e9 de prise en charge des impressions.<\/div>\n\t\t\t\t\t\t\t\t\t\t\t\t\t\t\t<\/div>\n\t\t\t\t\t\t\t\t\t\t\t<\/div>\n\t    \t\t\t\t\t\t\t\t<div class=\"item price-list-type2-item\">\n\t\t\t\t\t\t\t\t\t\t\t\t\t\t\t<h6 class=\"h\">\n\t\t\t\t\t\t\t\t\tportrait en grandeur nature\t\t\t\t\t\t\t\t<\/h6>\n\t\t\t\t\t\t\t\t\t\t\t\t\t\t\t\t\t\t\t\t<div class=\"price\">24 heures<\/div>\n\t\t\t\t\t\t\t\t\t\t\t\t<div class=\"img\" style=\"background-image: url(https:\/\/promo-theme.com\/novo\/wp-content\/uploads-placeholder\/2017\/08\/price-list11.jpg)\"><\/div>\n\t\t\t\t\t\t<div class=\"options\">\n\t\t\t\t\t\t\t\t\t\t\t\t\t\t\t<div class=\"heading-decor\"><h5>la s\u00e9ance comprends<\/h5><\/div>\n\t\t\t\t\t\t\t\t\t\t\t\t\t\t\t\t\t\t\t\t\t\t\t\t<div class=\"o-row\">Mat\u00e9riel d\u00e9corum.<\/div>\n\t\t\t\t\t\t\t\t\t\t\t\t\t\t\t\t\t\t\t<div class=\"o-row\">Photographie en \u00e9v\u00e9nement ext\u00e9rieur (lumi\u00e8re naturelle)<\/div>\n\t\t\t\t\t\t\t\t\t\t\t\t\t\t\t\t\t\t\t<div class=\"o-row\">Une approche bas\u00e9e \u00e0 mettre en valeur vos participants<\/div>\n\t\t\t\t\t\t\t\t\t\t\t\t\t\t\t\t\t\t\t<div class=\"o-row\">Mini studio (photo booth) en d\u00e9but d&#039;\u00e9v\u00e8nement.<\/div>\n\t\t\t\t\t\t\t\t\t\t\t\t\t\t\t\t\t\t\t<div class=\"o-row\">Une correction de couleur pour repr\u00e9senter votre esth\u00e9tique<\/div>\n\t\t\t\t\t\t\t\t\t\t\t\t\t\t\t<\/div>\n\t\t\t\t\t\t\t\t\t\t\t<\/div>\n\t    \t\t\t\t\t\t\t\t<div class=\"item price-list-type2-item\">\n\t\t\t\t\t\t\t\t\t\t\t\t\t\t\t<h6 class=\"h\">\n\t\t\t\t\t\t\t\t\ts\u00e9ance cosplay\t\t\t\t\t\t\t\t<\/h6>\n\t\t\t\t\t\t\t\t\t\t\t\t\t\t\t\t\t\t\t\t<div class=\"price\">45 minutes<\/div>\n\t\t\t\t\t\t\t\t\t\t\t\t<div class=\"img\" style=\"background-image: url(https:\/\/promo-theme.com\/novo\/wp-content\/uploads-placeholder\/2017\/08\/price-list12.jpg)\"><\/div>\n\t\t\t\t\t\t<div class=\"options\">\n\t\t\t\t\t\t\t\t\t\t\t\t\t\t\t<div class=\"heading-decor\"><h5>la s\u00e9ance comprends<\/h5><\/div>\n\t\t\t\t\t\t\t\t\t\t\t\t\t\t\t\t\t\t\t\t\t\t\t\t<div class=\"o-row\">Le d\u00e9veloppement d\u2019une planche combinant les couleurs, les poses et le style g\u00e9n\u00e9ral.<\/div>\n\t\t\t\t\t\t\t\t\t\t\t\t\t\t\t\t\t\t\t<div class=\"o-row\"> Une approche respectueuse des besoins du client.<\/div>\n\t\t\t\t\t\t\t\t\t\t\t\t\t\t\t\t\t\t\t<div class=\"o-row\"> Photographie en lumi\u00e8re naturelle et strobes.<\/div>\n\t\t\t\t\t\t\t\t\t\t\t\t\t\t\t\t\t\t\t<div class=\"o-row\"> Retouches et corrections.<\/div>\n\t\t\t\t\t\t\t\t\t\t\t\t\t\t\t\t\t\t\t<div class=\"o-row\"> Possibilit\u00e9 de prise en charge des impressions.<\/div>\n\t\t\t\t\t\t\t\t\t\t\t\t\t\t\t<\/div>\n\t\t\t\t\t\t\t\t\t\t\t<\/div>\n\t    \t\t\t\t\t\t\t\t<div class=\"item price-list-type2-item\">\n\t\t\t\t\t\t\t\t\t\t\t\t\t\t\t<h6 class=\"h\">\n\t\t\t\t\t\t\t\t\tPhotographe \u00e9v\u00e8nementiel\t\t\t\t\t\t\t\t<\/h6>\n\t\t\t\t\t\t\t\t\t\t\t\t\t\t\t\t\t\t\t\t<div class=\"price\">3 heures<\/div>\n\t\t\t\t\t\t\t\t\t\t\t\t<div class=\"img\" style=\"background-image: url(https:\/\/promo-theme.com\/novo\/wp-content\/uploads-placeholder\/2017\/08\/price-list12.jpg)\"><\/div>\n\t\t\t\t\t\t<div class=\"options\">\n\t\t\t\t\t\t\t\t\t\t\t\t\t\t\t<div class=\"heading-decor\"><h5>la s\u00e9ance comprends<\/h5><\/div>\n\t\t\t\t\t\t\t\t\t\t\t\t\t\t\t\t\t\t\t\t\t\t\t\t<div class=\"o-row\">Photographie en \u00e9v\u00e9nement ext\u00e9rieur (lumi\u00e8re naturelle)<\/div>\n\t\t\t\t\t\t\t\t\t\t\t\t\t\t\t\t\t\t\t<div class=\"o-row\">Une approche bas\u00e9e \u00e0 mettre en valeur vos participants<\/div>\n\t\t\t\t\t\t\t\t\t\t\t\t\t\t\t\t\t\t\t<div class=\"o-row\">Une approche discr\u00e8te<\/div>\n\t\t\t\t\t\t\t\t\t\t\t\t\t\t\t\t\t\t\t<div class=\"o-row\">Photographie en \u00e9v\u00e9nement int\u00e9rieur (Strobes ou lumi\u00e8res discr\u00e8tes).<\/div>\n\t\t\t\t\t\t\t\t\t\t\t\t\t\t\t\t\t\t\t<div class=\"o-row\">Mini studio (photo booth) en d\u00e9but d&#039;\u00e9v\u00e8nement.<\/div>\n\t\t\t\t\t\t\t\t\t\t\t\t\t\t\t<\/div>\n\t\t\t\t\t\t\t\t\t\t\t<\/div>\n\t    \t\t\t    \t<\/div>\n\t    \t\t\t\t<\/div>\n\t\t\t\t<\/div>\n\t\t\t\t\t<\/div>\n\t\t<\/div>\n\t\t\t\t\t<\/div>\n\t\t<\/section>\n\t\t<div class=\"elementor-element elementor-element-1714709 e-flex e-con-boxed e-con e-parent\" data-id=\"1714709\" data-element_type=\"container\" data-e-type=\"container\">\n\t\t\t\t\t<div class=\"e-con-inner\">\n\t\t\t\t<div class=\"elementor-element elementor-element-406cd24 elementor-widget__width-initial elementor-widget elementor-widget-heading\" data-id=\"406cd24\" data-element_type=\"widget\" data-e-type=\"widget\" data-widget_type=\"heading.default\">\n\t\t\t\t<div class=\"elementor-widget-container\">\n\t\t\t\t\t<h2 class=\"elementor-heading-title elementor-size-default\">Nos partenaires en 2025<\/h2>\t\t\t\t<\/div>\n\t\t\t\t<\/div>\n\t\t\t\t\t<\/div>\n\t\t\t\t<\/div>\n\t\t\t\t<section class=\"elementor-section elementor-top-section elementor-element elementor-element-282fd18f elementor-section-boxed elementor-section-height-default elementor-section-height-default\" data-id=\"282fd18f\" data-element_type=\"section\" data-e-type=\"section\">\n\t\t\t\t\t\t<div class=\"elementor-container elementor-column-gap-default\">\n\t\t\t\t\t<div class=\"elementor-column elementor-col-100 elementor-top-column elementor-element elementor-element-2e0ed560\" data-id=\"2e0ed560\" data-element_type=\"column\" data-e-type=\"column\">\n\t\t\t<div class=\"elementor-widget-wrap elementor-element-populated\">\n\t\t\t\t\t\t<div class=\"elementor-element elementor-element-74ee310f elementor-widget elementor-widget-yprm_brands\" data-id=\"74ee310f\" data-element_type=\"widget\" data-e-type=\"widget\" data-settings=\"{&quot;cols_xs&quot;:1,&quot;cols_sm&quot;:2,&quot;cols_md&quot;:3,&quot;cols_lg&quot;:4,&quot;cols_xl&quot;:5,&quot;carousel&quot;:&quot;yes&quot;}\" data-widget_type=\"yprm_brands.default\">\n\t\t\t\t<div class=\"elementor-widget-container\">\n\t\t\t\t\t\t\t<div class=\"brand-block \" data-portfolio-settings=\"{&quot;loop&quot;:&quot;yes&quot;,&quot;autoplay&quot;:&quot;yes&quot;,&quot;carousel&quot;:&quot;yes&quot;,&quot;autoplay_speed&quot;:5000,&quot;cols_xs&quot;:1,&quot;cols_sm&quot;:2,&quot;cols_md&quot;:3,&quot;cols_lg&quot;:4,&quot;cols_xl&quot;:5}\">\r\n\t\t\t\t\t\t\t<div class=\"swiper\">\r\n\t\t\t\t\t<div class=\"swiper-wrapper\">\r\n\t\t\t\t\t\t\t\t\t<div class=\"brand-item swiper-slide without-hover\">\r\n\t\t\t\t<div class=\"content\">\r\n\t\t\t\t\t\t\t\t\t\t\t<a href=\"#\">\r\n\t\t\t\t\t\t\t\t\t\t\t<img decoding=\"async\" width=\"157\" height=\"50\" src=\"http:\/\/davidpiovesan.com\/photo\/wp-content\/uploads\/2017\/08\/bottom-logo-w1.png\" class=\"attachment-full size-full\" alt=\"\" \/>\t\t\t\t\t\t\t\t\t\t\t\t\t\t\t\t\t<\/a>\r\n\t\t\t\t\t\t\t\t\t<\/div>\r\n\t\t\t<\/div>\r\n\t\t\t\t\t<div class=\"brand-item swiper-slide without-hover\">\r\n\t\t\t\t<div class=\"content\">\r\n\t\t\t\t\t\t\t\t\t\t\t<a href=\"#\">\r\n\t\t\t\t\t\t\t\t\t\t\t<img decoding=\"async\" width=\"148\" height=\"56\" src=\"http:\/\/davidpiovesan.com\/photo\/wp-content\/uploads\/2017\/08\/bottom-logo-w2.png\" class=\"attachment-full size-full\" alt=\"\" \/>\t\t\t\t\t\t\t\t\t\t\t\t\t\t\t\t\t<\/a>\r\n\t\t\t\t\t\t\t\t\t<\/div>\r\n\t\t\t<\/div>\r\n\t\t\t\t\t<div class=\"brand-item swiper-slide without-hover\">\r\n\t\t\t\t<div class=\"content\">\r\n\t\t\t\t\t\t\t\t\t\t\t<a href=\"#\">\r\n\t\t\t\t\t\t\t\t\t\t\t<img decoding=\"async\" width=\"185\" height=\"79\" src=\"http:\/\/davidpiovesan.com\/photo\/wp-content\/uploads\/2017\/08\/bottom-logo-w3.png\" class=\"attachment-full size-full\" alt=\"\" \/>\t\t\t\t\t\t\t\t\t\t\t\t\t\t\t\t\t<\/a>\r\n\t\t\t\t\t\t\t\t\t<\/div>\r\n\t\t\t<\/div>\r\n\t\t\t\t\t<div class=\"brand-item swiper-slide without-hover\">\r\n\t\t\t\t<div class=\"content\">\r\n\t\t\t\t\t\t\t\t\t\t\t<a href=\"#\">\r\n\t\t\t\t\t\t\t\t\t\t\t<img loading=\"lazy\" decoding=\"async\" width=\"132\" height=\"71\" src=\"http:\/\/davidpiovesan.com\/photo\/wp-content\/uploads\/2017\/08\/bottom-logo-w4.png\" class=\"attachment-full size-full\" alt=\"\" \/>\t\t\t\t\t\t\t\t\t\t\t\t\t\t\t\t\t<\/a>\r\n\t\t\t\t\t\t\t\t\t<\/div>\r\n\t\t\t<\/div>\r\n\t\t\t\t\t<div class=\"brand-item swiper-slide without-hover\">\r\n\t\t\t\t<div class=\"content\">\r\n\t\t\t\t\t\t\t\t\t\t\t<a href=\"#\">\r\n\t\t\t\t\t\t\t\t\t\t\t<img loading=\"lazy\" decoding=\"async\" width=\"148\" height=\"61\" src=\"http:\/\/davidpiovesan.com\/photo\/wp-content\/uploads\/2017\/08\/bottom-logo-w5.png\" class=\"attachment-full size-full\" alt=\"\" \/>\t\t\t\t\t\t\t\t\t\t\t\t\t\t\t\t\t<\/a>\r\n\t\t\t\t\t\t\t\t\t<\/div>\r\n\t\t\t<\/div>\r\n\t\t\t\t\t\t\t<\/div>\r\n\t\t\t\t<\/div>\r\n\t\t\t\t\t<\/div>\r\n\r\n\t\t\t\t\t\t<\/div>\n\t\t\t\t<\/div>\n\t\t\t\t\t<\/div>\n\t\t<\/div>\n\t\t\t\t\t<\/div>\n\t\t<\/section>\n\t\t<div class=\"elementor-element elementor-element-2e56691 e-flex e-con-boxed e-con e-parent\" data-id=\"2e56691\" data-element_type=\"container\" data-e-type=\"container\">\n\t\t\t\t\t<div class=\"e-con-inner\">\n\t\t\t\t<div class=\"elementor-element elementor-element-7623715 elementor-widget elementor-widget-google_maps\" data-id=\"7623715\" data-element_type=\"widget\" data-e-type=\"widget\" data-widget_type=\"google_maps.default\">\n\t\t\t\t<div class=\"elementor-widget-container\">\n\t\t\t\t\t\t\t<div class=\"elementor-custom-embed\">\n\t\t\t<iframe loading=\"lazy\"\n\t\t\t\t\tsrc=\"https:\/\/maps.google.com\/maps?q=Lachine%2C%20montreal&#038;t=m&#038;z=10&#038;output=embed&#038;iwloc=near\"\n\t\t\t\t\ttitle=\"Lachine, montreal\"\n\t\t\t\t\taria-label=\"Lachine, montreal\"\n\t\t\t><\/iframe>\n\t\t<\/div>\n\t\t\t\t\t\t<\/div>\n\t\t\t\t<\/div>\n\t\t\t\t\t<\/div>\n\t\t\t\t<\/div>\n\t\t\t\t<\/div>\n\t\t","protected":false},"excerpt":{"rendered":"<p>facebook instagram instagram Our Services The world without photography will be meaningless to us. See works \u201c Mon nom est David Piovesan. J&#8217;\u0153uvre en photographie depuis 2011. J\u2019aspire \u00e0 une pratique de la photographie \u00e9thique. Que ce soit dans mon approche des mod\u00e8les, dans mes prix et dans toute action. Ma perception de cet art [&hellip;]<\/p>\n","protected":false},"author":1,"featured_media":0,"parent":0,"menu_order":0,"comment_status":"closed","ping_status":"closed","template":"template-landing.php","meta":{"_acf_changed":false,"footnotes":""},"class_list":["post-2360","page","type-page","status-publish","hentry"],"acf":[],"_links":{"self":[{"href":"http:\/\/davidpiovesan.com\/photo\/wp-json\/wp\/v2\/pages\/2360","targetHints":{"allow":["GET"]}}],"collection":[{"href":"http:\/\/davidpiovesan.com\/photo\/wp-json\/wp\/v2\/pages"}],"about":[{"href":"http:\/\/davidpiovesan.com\/photo\/wp-json\/wp\/v2\/types\/page"}],"author":[{"embeddable":true,"href":"http:\/\/davidpiovesan.com\/photo\/wp-json\/wp\/v2\/users\/1"}],"replies":[{"embeddable":true,"href":"http:\/\/davidpiovesan.com\/photo\/wp-json\/wp\/v2\/comments?post=2360"}],"version-history":[{"count":7,"href":"http:\/\/davidpiovesan.com\/photo\/wp-json\/wp\/v2\/pages\/2360\/revisions"}],"predecessor-version":[{"id":3459,"href":"http:\/\/davidpiovesan.com\/photo\/wp-json\/wp\/v2\/pages\/2360\/revisions\/3459"}],"wp:attachment":[{"href":"http:\/\/davidpiovesan.com\/photo\/wp-json\/wp\/v2\/media?parent=2360"}],"curies":[{"name":"wp","href":"https:\/\/api.w.org\/{rel}","templated":true}]}}